{"id":2438,"date":"2022-08-21T08:01:29","date_gmt":"2022-08-21T08:01:29","guid":{"rendered":"https:\/\/finquesactiva.es\/finques-activa\/"},"modified":"2023-01-17T08:28:49","modified_gmt":"2023-01-17T08:28:49","slug":"finques-activa","status":"publish","type":"page","link":"https:\/\/finquesactiva.es\/ca\/finques-activa\/","title":{"rendered":"Finques Activa"},"content":{"rendered":"\t\t<div data-elementor-type=\"wp-page\" data-elementor-id=\"2438\" class=\"elementor elementor-2438 elementor-499\" data-elementor-post-type=\"page\">\n\t\t\t\t\t\t<section class=\"elementor-section elementor-top-section elementor-element elementor-element-af5f3f3 elementor-section-height-min-height elementor-section-boxed elementor-section-height-default elementor-section-items-middle\" data-id=\"af5f3f3\" data-element_type=\"section\" id=\"cabecera\" data-settings=\"{&quot;background_background&quot;:&quot;classic&quot;,&quot;shape_divider_bottom&quot;:&quot;tilt&quot;}\">\n\t\t\t\t\t<div class=\"elementor-shape elementor-shape-bottom\" aria-hidden=\"true\" data-negative=\"false\">\n\t\t\t<svg xmlns=\"http:\/\/www.w3.org\/2000\/svg\" viewBox=\"0 0 1000 100\" preserveAspectRatio=\"none\">\n\t<path class=\"elementor-shape-fill\" d=\"M0,6V0h1000v100L0,6z\"\/>\n<\/svg>\t\t<\/div>\n\t\t\t\t\t<div class=\"elementor-container elementor-column-gap-default\">\n\t\t\t\t\t<div class=\"elementor-column elementor-col-100 elementor-top-column elementor-element elementor-element-ccb93ab\" data-id=\"ccb93ab\" data-element_type=\"column\">\n\t\t\t<div class=\"elementor-widget-wrap\">\n\t\t\t\t\t\t\t<\/div>\n\t\t<\/div>\n\t\t\t\t\t<\/div>\n\t\t<\/section>\n\t\t\t\t<section class=\"elementor-section elementor-top-section elementor-element elementor-element-8b2a0dc p10 elementor-section-content-middle elementor-section-boxed elementor-section-height-default elementor-section-height-default\" data-id=\"8b2a0dc\" data-element_type=\"section\" id=\"activa1\" data-settings=\"{&quot;background_background&quot;:&quot;classic&quot;,&quot;shape_divider_top&quot;:&quot;tilt&quot;}\">\n\t\t\t\t\t<div class=\"elementor-shape elementor-shape-top\" aria-hidden=\"true\" data-negative=\"false\">\n\t\t\t<svg xmlns=\"http:\/\/www.w3.org\/2000\/svg\" viewBox=\"0 0 1000 100\" preserveAspectRatio=\"none\">\n\t<path class=\"elementor-shape-fill\" d=\"M0,6V0h1000v100L0,6z\"\/>\n<\/svg>\t\t<\/div>\n\t\t\t\t\t<div class=\"elementor-container elementor-column-gap-default\">\n\t\t\t\t\t<div class=\"elementor-column elementor-col-100 elementor-top-column elementor-element elementor-element-15b9fef\" data-id=\"15b9fef\" data-element_type=\"column\">\n\t\t\t<div class=\"elementor-widget-wrap elementor-element-populated\">\n\t\t\t\t\t\t<section class=\"elementor-section elementor-inner-section elementor-element elementor-element-9ad4fec elementor-section-boxed elementor-section-height-default elementor-section-height-default\" data-id=\"9ad4fec\" data-element_type=\"section\">\n\t\t\t\t\t\t<div class=\"elementor-container elementor-column-gap-default\">\n\t\t\t\t\t<div class=\"elementor-column elementor-col-50 elementor-inner-column elementor-element elementor-element-d12e59c\" data-id=\"d12e59c\" data-element_type=\"column\">\n\t\t\t<div class=\"elementor-widget-wrap elementor-element-populated\">\n\t\t\t\t\t\t<div class=\"elementor-element elementor-element-a8a4c61 elementor-widget elementor-widget-text-editor\" data-id=\"a8a4c61\" data-element_type=\"widget\" data-widget_type=\"text-editor.default\">\n\t\t\t\t<div class=\"elementor-widget-container\">\n\t\t\t\t\t\t\t\t\t<h1>Un servei d&#8217;<span class=\"orange\">administraci\u00f3 de finques<\/span> pr\u00f2xim, directe i sempre disponible\n<\/h1>\t\t\t\t\t\t\t\t<\/div>\n\t\t\t\t<\/div>\n\t\t\t\t<div class=\"elementor-element elementor-element-21173ad elementor-widget elementor-widget-text-editor\" data-id=\"21173ad\" data-element_type=\"widget\" data-widget_type=\"text-editor.default\">\n\t\t\t\t<div class=\"elementor-widget-container\">\n\t\t\t\t\t\t\t\t\t<p><strong>Finques Activa<\/strong> va n\u00e9ixer l\u2019any 1997 com una empresa familiar, amb la clara vocaci\u00f3 de facilitar la vida de les comunitats de propietaris. Us ajudem a gaudir d&#8217;unes instal\u00b7lacions ben cuidades i a millorar la conviv\u00e8ncia ve\u00efnal, al mateix temps que aconseguim que estalvieu temps i diners.<\/p>\n<\/p>\n<p>Comptem amb un gran equip de professionals disposats a oferir-vos tots els serveis que necessiteu. Sempre des d&#8217;un tracte pr\u00f2xim i directe perqu\u00e8 tot us resulti f\u00e0cil i c\u00f2mode.<\/p>\n\t\t\t\t\t\t\t\t<\/div>\n\t\t\t\t<\/div>\n\t\t\t\t\t<\/div>\n\t\t<\/div>\n\t\t\t\t<div class=\"elementor-column elementor-col-50 elementor-inner-column elementor-element elementor-element-cd00099 col1\" data-id=\"cd00099\" data-element_type=\"column\">\n\t\t\t<div class=\"elementor-widget-wrap elementor-element-populated\">\n\t\t\t\t\t\t<div class=\"elementor-element elementor-element-54aeb99 elementor-widget elementor-widget-text-editor\" data-id=\"54aeb99\" data-element_type=\"widget\" data-widget_type=\"text-editor.default\">\n\t\t\t\t<div class=\"elementor-widget-container\">\n\t\t\t\t\t\t\t\t\t<p><span class=\"hr-smashing\"><\/span>TRANSPAR\u00c8NCIA<\/p>\n\t\t\t\t\t\t\t\t<\/div>\n\t\t\t\t<\/div>\n\t\t\t\t<div class=\"elementor-element elementor-element-a317773 elementor-widget elementor-widget-text-editor\" data-id=\"a317773\" data-element_type=\"widget\" data-widget_type=\"text-editor.default\">\n\t\t\t\t<div class=\"elementor-widget-container\">\n\t\t\t\t\t\t\t\t\t<p>Et mantindrem informat en tot moment de qualsevol assumpte relacionat amb la comunitat, sigui sobre q\u00fcestions econ\u00f2miques o sobre les possibles incid\u00e8ncies que vagin sorgint.<\/p>\n\t\t\t\t\t\t\t\t<\/div>\n\t\t\t\t<\/div>\n\t\t\t\t<div class=\"elementor-element elementor-element-50a00c7 elementor-widget elementor-widget-spacer\" data-id=\"50a00c7\" data-element_type=\"widget\" data-widget_type=\"spacer.default\">\n\t\t\t\t<div class=\"elementor-widget-container\">\n\t\t\t\t\t\t\t<div class=\"elementor-spacer\">\n\t\t\t<div class=\"elementor-spacer-inner\"><\/div>\n\t\t<\/div>\n\t\t\t\t\t\t<\/div>\n\t\t\t\t<\/div>\n\t\t\t\t<div class=\"elementor-element elementor-element-444fd1b elementor-widget elementor-widget-text-editor\" data-id=\"444fd1b\" data-element_type=\"widget\" data-widget_type=\"text-editor.default\">\n\t\t\t\t<div class=\"elementor-widget-container\">\n\t\t\t\t\t\t\t\t\t<p><span class=\"hr-smashing\"><\/span>EXPERI\u00c8NCIA<\/p>\n\t\t\t\t\t\t\t\t<\/div>\n\t\t\t\t<\/div>\n\t\t\t\t<div class=\"elementor-element elementor-element-8f52ec2 elementor-widget elementor-widget-text-editor\" data-id=\"8f52ec2\" data-element_type=\"widget\" data-widget_type=\"text-editor.default\">\n\t\t\t\t<div class=\"elementor-widget-container\">\n\t\t\t\t\t\t\t\t\t<p>Som una empresa familiar fundada l\u2019any 1997. Fa m\u00e9s de vint-i-cinc anys que gestionem amb \u00e8xit nombroses comunitats de ve\u00efns, una activitat que ens apassiona i a la qual dediquem cada dia tots els nostres esfor\u00e7os.<\/p>\n\t\t\t\t\t\t\t\t<\/div>\n\t\t\t\t<\/div>\n\t\t\t\t<div class=\"elementor-element elementor-element-908d89a elementor-widget elementor-widget-spacer\" data-id=\"908d89a\" data-element_type=\"widget\" data-widget_type=\"spacer.default\">\n\t\t\t\t<div class=\"elementor-widget-container\">\n\t\t\t\t\t\t\t<div class=\"elementor-spacer\">\n\t\t\t<div class=\"elementor-spacer-inner\"><\/div>\n\t\t<\/div>\n\t\t\t\t\t\t<\/div>\n\t\t\t\t<\/div>\n\t\t\t\t<div class=\"elementor-element elementor-element-8002c4d elementor-widget elementor-widget-text-editor\" data-id=\"8002c4d\" data-element_type=\"widget\" data-widget_type=\"text-editor.default\">\n\t\t\t\t<div class=\"elementor-widget-container\">\n\t\t\t\t\t\t\t\t\t<p><span class=\"hr-smashing\"><\/span>CONFIAN\u00c7A<\/p>\n\t\t\t\t\t\t\t\t<\/div>\n\t\t\t\t<\/div>\n\t\t\t\t<div class=\"elementor-element elementor-element-937ac38 elementor-widget elementor-widget-text-editor\" data-id=\"937ac38\" data-element_type=\"widget\" data-widget_type=\"text-editor.default\">\n\t\t\t\t<div class=\"elementor-widget-container\">\n\t\t\t\t\t\t\t\t\t<p>Estem conven\u00e7uts que el secret perqu\u00e8 una comunitat funcioni \u00e9s la confian\u00e7a. \u00c9s per aix\u00f2 que ens ocupem de totes les necessitats que vagin sorgint, amb la intenci\u00f3 d&#8217;evitar complicacions i p\u00e8rdua de temps.<\/p>\n\t\t\t\t\t\t\t\t<\/div>\n\t\t\t\t<\/div>\n\t\t\t\t\t<\/div>\n\t\t<\/div>\n\t\t\t\t\t<\/div>\n\t\t<\/section>\n\t\t\t\t\t<\/div>\n\t\t<\/div>\n\t\t\t\t\t<\/div>\n\t\t<\/section>\n\t\t\t\t<section class=\"elementor-section elementor-top-section elementor-element elementor-element-d33b23c elementor-section-content-middle p10 elementor-section-boxed elementor-section-height-default elementor-section-height-default\" data-id=\"d33b23c\" data-element_type=\"section\" id=\"activa2\" data-settings=\"{&quot;background_background&quot;:&quot;classic&quot;,&quot;shape_divider_top&quot;:&quot;tilt&quot;}\">\n\t\t\t\t\t<div class=\"elementor-shape elementor-shape-top\" aria-hidden=\"true\" data-negative=\"false\">\n\t\t\t<svg xmlns=\"http:\/\/www.w3.org\/2000\/svg\" viewBox=\"0 0 1000 100\" preserveAspectRatio=\"none\">\n\t<path class=\"elementor-shape-fill\" d=\"M0,6V0h1000v100L0,6z\"\/>\n<\/svg>\t\t<\/div>\n\t\t\t\t\t<div class=\"elementor-container elementor-column-gap-default\">\n\t\t\t\t\t<div class=\"elementor-column elementor-col-50 elementor-top-column elementor-element elementor-element-217518b\" data-id=\"217518b\" data-element_type=\"column\">\n\t\t\t<div class=\"elementor-widget-wrap elementor-element-populated\">\n\t\t\t\t\t\t<div class=\"elementor-element elementor-element-69f84f3 elementor-widget elementor-widget-image\" data-id=\"69f84f3\" data-element_type=\"widget\" data-widget_type=\"image.default\">\n\t\t\t\t<div class=\"elementor-widget-container\">\n\t\t\t\t\t\t\t\t\t\t\t\t\t\t\t<img fetchpriority=\"high\" decoding=\"async\" width=\"488\" height=\"475\" src=\"https:\/\/finquesactiva.es\/wp-content\/uploads\/2022\/11\/seccion-1.jpg\" class=\"attachment-full size-full wp-image-2337\" alt=\"\" srcset=\"https:\/\/finquesactiva.es\/wp-content\/uploads\/2022\/11\/seccion-1.jpg 488w, https:\/\/finquesactiva.es\/wp-content\/uploads\/2022\/11\/seccion-1-300x292.jpg 300w\" sizes=\"(max-width: 488px) 100vw, 488px\" \/>\t\t\t\t\t\t\t\t\t\t\t\t\t\t\t<\/div>\n\t\t\t\t<\/div>\n\t\t\t\t\t<\/div>\n\t\t<\/div>\n\t\t\t\t<div class=\"elementor-column elementor-col-50 elementor-top-column elementor-element elementor-element-033e469\" data-id=\"033e469\" data-element_type=\"column\">\n\t\t\t<div class=\"elementor-widget-wrap elementor-element-populated\">\n\t\t\t\t\t\t<div class=\"elementor-element elementor-element-0f4abcc elementor-widget elementor-widget-text-editor\" data-id=\"0f4abcc\" data-element_type=\"widget\" data-widget_type=\"text-editor.default\">\n\t\t\t\t<div class=\"elementor-widget-container\">\n\t\t\t\t\t\t\t\t\t<p>LA TEVA COMUNITAT EN LES MILLORS MANS<\/p>\n\t\t\t\t\t\t\t\t<\/div>\n\t\t\t\t<\/div>\n\t\t\t\t<div class=\"elementor-element elementor-element-ed7287c elementor-widget elementor-widget-text-editor\" data-id=\"ed7287c\" data-element_type=\"widget\" data-widget_type=\"text-editor.default\">\n\t\t\t\t<div class=\"elementor-widget-container\">\n\t\t\t\t\t\t\t\t\t<h2>Un <span class=\"orange\">gran equip de professionals<\/span> especialitzats en tota mena de serveis<\/h2>\n\t\t\t\t\t\t\t\t<\/div>\n\t\t\t\t<\/div>\n\t\t\t\t<div class=\"elementor-element elementor-element-93286ae elementor-widget elementor-widget-text-editor\" data-id=\"93286ae\" data-element_type=\"widget\" data-widget_type=\"text-editor.default\">\n\t\t\t\t<div class=\"elementor-widget-container\">\n\t\t\t\t\t\t\t\t\t<p>La nostra \u00e0mplia traject\u00f2ria ens converteix en una empresa l\u00edder a la prov\u00edncia, una empresa pr\u00f2xima amb la qual podr\u00e0s comptar en tot moment. Tant si precises assessorament com si necessites ajuda per a les reunions i comunicacions, per a la gesti\u00f3 administrativa, q\u00fcestions t\u00e8cniques i jur\u00eddiques, o el manteniment de la finca, sempre estarem a la teva disposici\u00f3.<\/p>\n<p>I, per a aix\u00f2, apostem per una comunicaci\u00f3 fluida a trav\u00e9s del tel\u00e8fon, el correu electr\u00f2nic i, sobretot, de la nostra aplicaci\u00f3 m\u00f2bil. Aquesta et permetr\u00e0 accedir a totes les dades relacionades amb la teva comunitat i contactar r\u00e0pidament amb nosaltres, sempre que ho necessitis.<\/p>\n\t\t\t\t\t\t\t\t<\/div>\n\t\t\t\t<\/div>\n\t\t\t\t\t<\/div>\n\t\t<\/div>\n\t\t\t\t\t<\/div>\n\t\t<\/section>\n\t\t\t\t<section class=\"elementor-section elementor-top-section elementor-element elementor-element-bbf696d elementor-section-boxed elementor-section-height-default elementor-section-height-default\" data-id=\"bbf696d\" data-element_type=\"section\" id=\"home3\" data-settings=\"{&quot;background_background&quot;:&quot;classic&quot;}\">\n\t\t\t\t\t\t<div class=\"elementor-container elementor-column-gap-default\">\n\t\t\t\t\t<div class=\"elementor-column elementor-col-100 elementor-top-column elementor-element elementor-element-ed523e2\" data-id=\"ed523e2\" data-element_type=\"column\" data-settings=\"{&quot;background_background&quot;:&quot;classic&quot;}\">\n\t\t\t<div class=\"elementor-widget-wrap elementor-element-populated\">\n\t\t\t\t\t\t<div class=\"elementor-element elementor-element-8d49e1b elementor-widget elementor-widget-text-editor\" data-id=\"8d49e1b\" data-element_type=\"widget\" data-widget_type=\"text-editor.default\">\n\t\t\t\t<div class=\"elementor-widget-container\">\n\t\t\t\t\t\t\t\t\t<h2>Comunicaci\u00f3 senzilla i sempre disponible<\/h2>\n\t\t\t\t\t\t\t\t<\/div>\n\t\t\t\t<\/div>\n\t\t\t\t<div class=\"elementor-element elementor-element-ceed801 elementor-widget elementor-widget-text-editor\" data-id=\"ceed801\" data-element_type=\"widget\" data-widget_type=\"text-editor.default\">\n\t\t\t\t<div class=\"elementor-widget-container\">\n\t\t\t\t\t\t\t\t\t<p><strong>Finques Activa<\/strong> \u00e9s un despatx digitalitzat. Comptem amb un sistema d\u2019intranet, on cada comunitat disposa del seu propi usuari i clau d&#8217;acc\u00e9s, per tal que pugueu notificar qualsevol incid\u00e8ncia perqu\u00e8 la vegem directament. D&#8217;aquesta manera, la comunicaci\u00f3 \u00e9s molt m\u00e9s fluida, podent-ho fer des de qualsevol lloc i en el moment que millor us vingui. Una comunicaci\u00f3 directa, amb una disponibilitat gaireb\u00e9 total.<\/p>\n\t\t\t\t\t\t\t\t<\/div>\n\t\t\t\t<\/div>\n\t\t\t\t<div class=\"elementor-element elementor-element-66a62ce animation-none elementor-widget elementor-widget-global elementor-global-1341 elementor-widget-eae-dual-button\" data-id=\"66a62ce\" data-element_type=\"widget\" data-widget_type=\"eae-dual-button.default\">\n\t\t\t\t<div class=\"elementor-widget-container\">\n\t\t\t\t\t\t\t<div class=\"eae-dual-button-main-wrapper\">\n\t\t\t<div class=\"eae-dual-button-wrapper button-style-horizontal\">\n\t\t\t\t<div class=\"eae-button1\">\n\t\t\t\t\t<a class=\"eae-button-1-wrapper\" href=\"tel:+35648010575\">\n\t\t\t\t\t\t<div class=\"eae-button-1 icon-before\">\n\t\t\t\t\t\t\t\t\t\t\t\t\t\t\t<div class=\"eae-db-icon-wrapper\">\n\t\t\t\t\t\t\t\t\t<i aria-hidden=\"true\" class=\"fab fa-whatsapp\"><\/i>\t\t\t\t\t\t\t\t<\/div>\n\t\t\t\t\t\t\t\t\t\t\t\t\t\t<div class=\"eae-button-text\">648 01 05 75<\/div>\n\t\t\t\t\t\t<\/div>\n\t\t\t\t\t<\/a>\n\n\t\t\t\t\t\t\t\t\t<\/div>\n\t\t\t\t<div class=\"eae-button2\">\n\t\t\t\t\t\t\t\t\t\t<a class=\"eae-button-2-wrapper\" href=\"tel:+34977385854\">\n\t\t\t\t\t\t<div class=\"eae-button-2 icon-after\">\n\t\t\t\t\t\t\t\t\t\t\t\t\t\t\t<div class=\"eae-db-icon-wrapper\">\n\t\t\t\t\t\t\t\t\t<i aria-hidden=\"true\" class=\"fas fa-phone-alt\"><\/i>\t\t\t\t\t\t\t\t<\/div>\n\t\t\t\t\t\t\t\t\t\t\t\t\t\t<div class=\"eae-button-text\">977 385 854<\/div>\n\t\t\t\t\t\t<\/div>\n\t\t\t\t\t<\/a>\n\t\t\t\t<\/div>\n\t\t\t<\/div>\n\t\t<\/div>\n\t\t\t\t\t\t<\/div>\n\t\t\t\t<\/div>\n\t\t\t\t\t<\/div>\n\t\t<\/div>\n\t\t\t\t\t<\/div>\n\t\t<\/section>\n\t\t\t\t<section class=\"elementor-section elementor-top-section elementor-element elementor-element-e219ff2 elementor-section-content-middle pb10 elementor-section-boxed elementor-section-height-default elementor-section-height-default\" data-id=\"e219ff2\" data-element_type=\"section\" id=\"activa3\" data-settings=\"{&quot;background_background&quot;:&quot;classic&quot;}\">\n\t\t\t\t\t\t<div class=\"elementor-container elementor-column-gap-default\">\n\t\t\t\t\t<div class=\"elementor-column elementor-col-50 elementor-top-column elementor-element elementor-element-f9716a8\" data-id=\"f9716a8\" data-element_type=\"column\">\n\t\t\t<div class=\"elementor-widget-wrap elementor-element-populated\">\n\t\t\t\t\t\t<div class=\"elementor-element elementor-element-2f4d021 elementor-widget elementor-widget-text-editor\" data-id=\"2f4d021\" data-element_type=\"widget\" data-widget_type=\"text-editor.default\">\n\t\t\t\t<div class=\"elementor-widget-container\">\n\t\t\t\t\t\t\t\t\t<p>UNA SOLUCI\u00d3 PER A CADA Q\u00dcESTI\u00d3<\/p>\n\t\t\t\t\t\t\t\t<\/div>\n\t\t\t\t<\/div>\n\t\t\t\t<div class=\"elementor-element elementor-element-9632788 elementor-widget elementor-widget-text-editor\" data-id=\"9632788\" data-element_type=\"widget\" data-widget_type=\"text-editor.default\">\n\t\t\t\t<div class=\"elementor-widget-container\">\n\t\t\t\t\t\t\t\t\t<h2>Resolem qualsevol mena de problema <span class=\"orange\">perqu\u00e8 estalvieu<\/span> temps i diners<\/h2>\n\t\t\t\t\t\t\t\t<\/div>\n\t\t\t\t<\/div>\n\t\t\t\t<div class=\"elementor-element elementor-element-2bead72 elementor-widget elementor-widget-text-editor\" data-id=\"2bead72\" data-element_type=\"widget\" data-widget_type=\"text-editor.default\">\n\t\t\t\t<div class=\"elementor-widget-container\">\n\t\t\t\t\t\t\t\t\t<p>El nostre objectiu \u00e9s que no hagis de preocupar-te per res. Comptem amb un magn\u00edfic grup d&#8217;experts especialitzats en cada \u00e0rea, que us brindaran els millors serveis.<\/p>\n<\/p>\n<p>Nosaltres ens encarreguem de tot, des de la redacci\u00f3 de les actes de les juntes a la realitzaci\u00f3 de qualsevol classe d&#8217;obra, passant per la gesti\u00f3 de la comptabilitat. D\u2019aquesta manera, podreu gaudir d&#8217;una comunitat en les millors condicions possibles i viure en harmonia amb la resta de ve\u00efns. Confieu en nosaltres i gaudiu de la tranquil\u00b7litat de saber que la vostra comunitat est\u00e0 en les millors mans!<\/p>\n\t\t\t\t\t\t\t\t<\/div>\n\t\t\t\t<\/div>\n\t\t\t\t\t<\/div>\n\t\t<\/div>\n\t\t\t\t<div class=\"elementor-column elementor-col-50 elementor-top-column elementor-element elementor-element-6554b73\" data-id=\"6554b73\" data-element_type=\"column\">\n\t\t\t<div class=\"elementor-widget-wrap elementor-element-populated\">\n\t\t\t\t\t\t<div class=\"elementor-element elementor-element-d86bfcb elementor-widget elementor-widget-image\" data-id=\"d86bfcb\" data-element_type=\"widget\" data-widget_type=\"image.default\">\n\t\t\t\t<div class=\"elementor-widget-container\">\n\t\t\t\t\t\t\t\t\t\t\t\t\t\t\t<img decoding=\"async\" width=\"488\" height=\"475\" src=\"https:\/\/finquesactiva.es\/wp-content\/uploads\/2022\/11\/seccion-2.jpg\" class=\"attachment-full size-full wp-image-2338\" alt=\"\" srcset=\"https:\/\/finquesactiva.es\/wp-content\/uploads\/2022\/11\/seccion-2.jpg 488w, https:\/\/finquesactiva.es\/wp-content\/uploads\/2022\/11\/seccion-2-300x292.jpg 300w\" sizes=\"(max-width: 488px) 100vw, 488px\" \/>\t\t\t\t\t\t\t\t\t\t\t\t\t\t\t<\/div>\n\t\t\t\t<\/div>\n\t\t\t\t\t<\/div>\n\t\t<\/div>\n\t\t\t\t\t<\/div>\n\t\t<\/section>\n\t\t\t\t<section class=\"elementor-section elementor-top-section elementor-element elementor-element-417ad65 p10 elementor-section-content-middle elementor-section-boxed elementor-section-height-default elementor-section-height-default\" data-id=\"417ad65\" data-element_type=\"section\" id=\"activa5\" data-settings=\"{&quot;background_background&quot;:&quot;classic&quot;,&quot;shape_divider_top&quot;:&quot;tilt&quot;}\">\n\t\t\t\t\t<div class=\"elementor-shape elementor-shape-top\" aria-hidden=\"true\" data-negative=\"false\">\n\t\t\t<svg xmlns=\"http:\/\/www.w3.org\/2000\/svg\" viewBox=\"0 0 1000 100\" preserveAspectRatio=\"none\">\n\t<path class=\"elementor-shape-fill\" d=\"M0,6V0h1000v100L0,6z\"\/>\n<\/svg>\t\t<\/div>\n\t\t\t\t\t<div class=\"elementor-container elementor-column-gap-default\">\n\t\t\t\t\t<div class=\"elementor-column elementor-col-100 elementor-top-column elementor-element elementor-element-d63b20f\" data-id=\"d63b20f\" data-element_type=\"column\">\n\t\t\t<div class=\"elementor-widget-wrap elementor-element-populated\">\n\t\t\t\t\t\t<div class=\"elementor-element elementor-element-b252f84 elementor-widget elementor-widget-text-editor\" data-id=\"b252f84\" data-element_type=\"widget\" data-widget_type=\"text-editor.default\">\n\t\t\t\t<div class=\"elementor-widget-container\">\n\t\t\t\t\t\t\t\t\t<h3>La nostra oficina en el centre de Reus<\/h3>\n\t\t\t\t\t\t\t\t<\/div>\n\t\t\t\t<\/div>\n\t\t\t\t<section class=\"elementor-section elementor-inner-section elementor-element elementor-element-9522b0c elementor-section-boxed elementor-section-height-default elementor-section-height-default\" data-id=\"9522b0c\" data-element_type=\"section\">\n\t\t\t\t\t\t<div class=\"elementor-container elementor-column-gap-default\">\n\t\t\t\t\t<div class=\"elementor-column elementor-col-50 elementor-inner-column elementor-element elementor-element-8d6c772\" data-id=\"8d6c772\" data-element_type=\"column\">\n\t\t\t<div class=\"elementor-widget-wrap elementor-element-populated\">\n\t\t\t\t\t\t<div class=\"elementor-element elementor-element-f52f932 elementor-widget elementor-widget-text-editor\" data-id=\"f52f932\" data-element_type=\"widget\" data-widget_type=\"text-editor.default\">\n\t\t\t\t<div class=\"elementor-widget-container\">\n\t\t\t\t\t\t\t\t\t<p>Est\u00e0s cansat de portar tu sol la comptabilitat de la teva comunitat de ve\u00efns? Necessiteu un pressupost per a pintar la fa\u00e7ana i no teniu temps? Voleu demanar una subvenci\u00f3 per a rehabilitar el vostre edifici i no sabeu per on comen\u00e7ar?<\/p>\n<p>Posa&#8217;t en contacte amb <strong>Finques Activa<\/strong> i t&#8217;ajudarem en el que necessitis, tant per a portar la gesti\u00f3 integral de la teva comunitat com per a q\u00fcestions puntuals. Estem situats <strong>a la Pla\u00e7a Prim<\/strong>, un dels llocs m\u00e9s emblem\u00e0tics del <strong>centre de Reus<\/strong>, la qual cosa ens permet estar sempre connectats amb la ciutat i amb la seva gent. A qu\u00e8 esperes per a venir a veure&#8217;ns?<\/p>\n\t\t\t\t\t\t\t\t<\/div>\n\t\t\t\t<\/div>\n\t\t\t\t\t<\/div>\n\t\t<\/div>\n\t\t\t\t<div class=\"elementor-column elementor-col-50 elementor-inner-column elementor-element elementor-element-e4df763\" data-id=\"e4df763\" data-element_type=\"column\">\n\t\t\t<div class=\"elementor-widget-wrap elementor-element-populated\">\n\t\t\t\t\t\t<div class=\"elementor-element elementor-element-5b8e34b elementor-widget elementor-widget-image\" data-id=\"5b8e34b\" data-element_type=\"widget\" data-widget_type=\"image.default\">\n\t\t\t\t<div class=\"elementor-widget-container\">\n\t\t\t\t\t\t\t\t\t\t\t\t\t\t\t<img decoding=\"async\" width=\"587\" height=\"356\" src=\"https:\/\/finquesactiva.es\/wp-content\/uploads\/2022\/11\/seccion-final.jpg\" class=\"attachment-full size-full wp-image-2339\" alt=\"\" srcset=\"https:\/\/finquesactiva.es\/wp-content\/uploads\/2022\/11\/seccion-final.jpg 587w, https:\/\/finquesactiva.es\/wp-content\/uploads\/2022\/11\/seccion-final-300x182.jpg 300w\" sizes=\"(max-width: 587px) 100vw, 587px\" \/>\t\t\t\t\t\t\t\t\t\t\t\t\t\t\t<\/div>\n\t\t\t\t<\/div>\n\t\t\t\t\t<\/div>\n\t\t<\/div>\n\t\t\t\t\t<\/div>\n\t\t<\/section>\n\t\t\t\t\t<\/div>\n\t\t<\/div>\n\t\t\t\t\t<\/div>\n\t\t<\/section>\n\t\t\t\t<\/div>\n\t\t","protected":false},"excerpt":{"rendered":"<p>Un servei d&#8217;administraci\u00f3 de finques pr\u00f2xim, directe i sempre disponible Finques Activa va n\u00e9ixer l\u2019any 1997 com una empresa familiar, amb la clara vocaci\u00f3 de facilitar la vida de les comunitats de propietaris. Us ajudem a gaudir d&#8217;unes instal\u00b7lacions ben cuidades i a millorar la conviv\u00e8ncia ve\u00efnal, al mateix temps que aconseguim que estalvieu temps &#8230; <a title=\"Finques Activa\" class=\"read-more\" href=\"https:\/\/finquesactiva.es\/ca\/finques-activa\/\" aria-label=\"M\u00e9s informaci\u00f3 sobre Finques Activa\">Llegiu m\u00e9s<\/a><\/p>\n","protected":false},"author":1,"featured_media":0,"parent":0,"menu_order":0,"comment_status":"closed","ping_status":"closed","template":"","meta":{"inline_featured_image":false,"footnotes":""},"class_list":["post-2438","page","type-page","status-publish"],"_links":{"self":[{"href":"https:\/\/finquesactiva.es\/ca\/wp-json\/wp\/v2\/pages\/2438","targetHints":{"allow":["GET"]}}],"collection":[{"href":"https:\/\/finquesactiva.es\/ca\/wp-json\/wp\/v2\/pages"}],"about":[{"href":"https:\/\/finquesactiva.es\/ca\/wp-json\/wp\/v2\/types\/page"}],"author":[{"embeddable":true,"href":"https:\/\/finquesactiva.es\/ca\/wp-json\/wp\/v2\/users\/1"}],"replies":[{"embeddable":true,"href":"https:\/\/finquesactiva.es\/ca\/wp-json\/wp\/v2\/comments?post=2438"}],"version-history":[{"count":1,"href":"https:\/\/finquesactiva.es\/ca\/wp-json\/wp\/v2\/pages\/2438\/revisions"}],"predecessor-version":[{"id":2439,"href":"https:\/\/finquesactiva.es\/ca\/wp-json\/wp\/v2\/pages\/2438\/revisions\/2439"}],"wp:attachment":[{"href":"https:\/\/finquesactiva.es\/ca\/wp-json\/wp\/v2\/media?parent=2438"}],"curies":[{"name":"wp","href":"https:\/\/api.w.org\/{rel}","templated":true}]}}